{"id":2244,"date":"2022-03-04T07:56:30","date_gmt":"2022-03-04T07:56:30","guid":{"rendered":"https:\/\/italents.tv\/ita\/?page_id=2244"},"modified":"2022-03-04T09:40:34","modified_gmt":"2022-03-04T09:40:34","slug":"tv-dei-comuni","status":"publish","type":"page","link":"https:\/\/italents.tv\/ita\/progetti\/tv-dei-comuni\/","title":{"rendered":"La Tv dei Comuni"},"content":{"rendered":"[vc_row][vc_column]\n\t\t\t<!-- START TV COMUNI REVOLUTION SLIDER 6.5.7 --><p class=\"rs-p-wp-fix\"><\/p>\n\t\t\t<rs-module-wrap id=\"rev_slider_15_1_wrapper\" data-source=\"gallery\" style=\"visibility:hidden;background:transparent;padding:0;margin:0px auto;margin-top:0;margin-bottom:0;\">\n\t\t\t\t<rs-module id=\"rev_slider_15_1\" style=\"\" data-version=\"6.5.7\">\n\t\t\t\t\t<rs-slides>\n\t\t\t\t\t\t<rs-slide style=\"position: absolute;\" data-key=\"rs-35\" data-title=\"Slide\" data-in=\"o:0;\" data-out=\"a:false;\">\n\t\t\t\t\t\t\t<img decoding=\"async\" src=\"\/\/italents.tv\/ita\/wp-content\/plugins\/revslider\/public\/assets\/assets\/dummy.png\" alt=\"Slide\" title=\"La Tv dei Comuni\" class=\"rev-slidebg tp-rs-img rs-lazyload\" data-lazyload=\"\/\/italents.tv\/ita\/wp-content\/plugins\/revslider\/public\/assets\/assets\/transparent.png\" data-no-retina>\n<!--\n\t\t\t\t\t\t\t--><rs-layer\n\t\t\t\t\t\t\t\tid=\"slider-15-slide-35-layer-1\" \n\t\t\t\t\t\t\t\tdata-type=\"image\"\n\t\t\t\t\t\t\t\tdata-rsp_ch=\"on\"\n\t\t\t\t\t\t\t\tdata-xy=\"y:-75px;\"\n\t\t\t\t\t\t\t\tdata-text=\"w:normal;\"\n\t\t\t\t\t\t\t\tdata-dim=\"w:1241px;h:292px;\"\n\t\t\t\t\t\t\t\tdata-frame_999=\"o:0;st:w;\"\n\t\t\t\t\t\t\t\tstyle=\"z-index:8;\"\n\t\t\t\t\t\t\t><img loading=\"lazy\" decoding=\"async\" src=\"\/\/italents.tv\/ita\/wp-content\/plugins\/revslider\/public\/assets\/assets\/dummy.png\" class=\"tp-rs-img rs-lazyload\" width=\"2410\" height=\"567\" data-lazyload=\"\/\/italents.tv\/ita\/wp-content\/uploads\/2022\/01\/E0E352D7-3B44-4838-99E4-0459401001A4-1.png\" data-no-retina> \n\t\t\t\t\t\t\t<\/rs-layer><!--\n-->\t\t\t\t\t\t<\/rs-slide>\n\t\t\t\t\t<\/rs-slides>\n\t\t\t\t<\/rs-module>\n\t\t\t\t<script type=\"text\/javascript\">\n\t\t\t\t\tsetREVStartSize({c: 'rev_slider_15_1',rl:[1240,1024,778,480],el:[150],gw:[1240],gh:[150],type:'standard',justify:'',layout:'fullwidth',mh:\"0\"});if (window.RS_MODULES!==undefined && window.RS_MODULES.modules!==undefined && window.RS_MODULES.modules[\"revslider151\"]!==undefined) {window.RS_MODULES.modules[\"revslider151\"].once = false;window.revapi15 = undefined;if (window.RS_MODULES.checkMinimal!==undefined) window.RS_MODULES.checkMinimal()}\n\t\t\t\t<\/script>\n\t\t\t<\/rs-module-wrap>\n\t\t\t<!-- END REVOLUTION SLIDER -->\n[vc_empty_space height=&#8221;64px&#8221;][\/vc_column][\/vc_row][vc_row css=&#8221;.vc_custom_1642605655047{background-color: #1e73be !important;border-radius: 30px !important;}&#8221;][vc_column][vc_empty_space][\/vc_column][\/vc_row][vc_row][vc_column][vc_empty_space][\/vc_column][\/vc_row][vc_row][vc_column width=&#8221;1\/2&#8243; css=&#8221;.vc_custom_1475146424816{padding-right: 60px !important;}&#8221;][vc_column_text]\n<h1 style=\"text-align: center;\"><strong><span style=\"color: #333399;\">Nasce La\u00a0<em>Tv dei Comuni\u00a0<\/em>\u00a0Italiani, un canale Tv dedicato per ogni\u00a0<em>ente locale.<\/em><\/span><\/strong><\/h1>\n[\/vc_column_text][vc_empty_space height=&#8221;40px&#8221;][vc_single_image image=&#8221;2248&#8243; img_size=&#8221;full&#8221; alignment=&#8221;center&#8221;][vc_empty_space height=&#8221;40px&#8221;][vc_column_text]un contenitore\u00a0<strong>multimediale, multicanale personalizzato<\/strong>\u00a0su ogni singola amministrazione Locale interessata ai servizi che siamo in grado di offrire. Strettamente connessa alla piattaforma\u00a0<strong>ITALENTS.TV<\/strong>,\u00a0l<strong>a\u00a0TV dei Comuni\u00a0<\/strong>ha il preciso obiettivo di personalizzare l\u2019informazione in ambito comunale, offrendo un metodo altamente innovativo di divulgazione delle informazioni ai propri cittadini, accrescendo il livello di trasparenza dell\u2019Amministrazione e\u00a0<strong>rendendo partecipi le comunit\u00e0 locali<\/strong>\u00a0sulle attivit\u00e0 programmate e realizzate.[\/vc_column_text][vc_empty_space height=&#8221;40px&#8221;][mnky_button title=&#8221;GUARDA IL CANALE DEMO&#8221; bg_color=&#8221;#396dbb&#8221; color=&#8221;#ffffff&#8221; bg_hover_color=&#8221;flat-blue&#8221; center_element=&#8221;button-center-align&#8221; icon_type=&#8221;fontawesome&#8221; icon_fontawesome=&#8221;&#8221; link=&#8221;url:https%3A%2F%2Fitalents.tv%2Fcomuni%2F|target:_blank&#8221;][vc_empty_space height=&#8221;40px&#8221;][\/vc_column][vc_column width=&#8221;1\/2&#8243;][vc_empty_space height=&#8221;20px&#8221;][mnky_content_box static_shadow=&#8221;shadow&#8221; border=&#8221;#edeeef&#8221;][vc_column_text]\n<h1 style=\"text-align: center;\"><strong>COMUNICAZIONE ISTITUZIONALE E PROMOZIONE <\/strong><strong>DEL TERRITORIO<\/strong><\/h1>\n[\/vc_column_text][vc_empty_space height=&#8221;20px&#8221;][\/mnky_content_box][vc_column_text]<div id=\"kgvid_kgvid_0_wrapper\" class=\"kgvid_wrapper\">\n\t\t\t<div id=\"video_kgvid_0_div\" class=\"fitvidsignore kgvid_videodiv\" data-id=\"kgvid_0\" data-kgvid_video_vars=\"{&quot;id&quot;:&quot;kgvid_0&quot;,&quot;attachment_id&quot;:&quot;2260&quot;,&quot;player_type&quot;:&quot;Video.js v8&quot;,&quot;width&quot;:&quot;640&quot;,&quot;height&quot;:&quot;360&quot;,&quot;fullwidth&quot;:&quot;true&quot;,&quot;fixed_aspect&quot;:&quot;vertical&quot;,&quot;countable&quot;:true,&quot;count_views&quot;:&quot;start_complete&quot;,&quot;start&quot;:&quot;&quot;,&quot;autoplay&quot;:&quot;true&quot;,&quot;pauseothervideos&quot;:&quot;true&quot;,&quot;set_volume&quot;:&quot;1&quot;,&quot;muted&quot;:&quot;true&quot;,&quot;meta&quot;:false,&quot;endofvideooverlay&quot;:&quot;&quot;,&quot;resize&quot;:&quot;true&quot;,&quot;auto_res&quot;:&quot;automatic&quot;,&quot;pixel_ratio&quot;:&quot;true&quot;,&quot;right_click&quot;:&quot;on&quot;,&quot;playback_rate&quot;:&quot;false&quot;,&quot;title&quot;:&quot;COMUNI_ITALIANI66-1&quot;,&quot;skip_buttons&quot;:[],&quot;nativecontrolsfortouch&quot;:&quot;false&quot;,&quot;locale&quot;:&quot;it&quot;,&quot;enable_resolutions_plugin&quot;:false}\" itemprop=\"video\" itemscope itemtype=\"https:\/\/schema.org\/VideoObject\"><meta itemprop=\"thumbnailUrl\" content=\"https:\/\/italents.tv\/ita\/wp-content\/uploads\/2022\/03\/COMUNI_ITALIANI66-1_thumb1.jpg\"><meta itemprop=\"embedUrl\" content=\"https:\/\/italents.tv\/ita\/?attachment_id=2260&#038;videopack%5Benable%5D=true\"><meta itemprop=\"contentUrl\" content=\"https:\/\/italents.tv\/ita\/wp-content\/uploads\/2022\/03\/COMUNI_ITALIANI66-1.mp4\"><meta itemprop=\"name\" content=\"COMUNI_ITALIANI66-1\"><meta itemprop=\"description\" content=\"Video\"><meta itemprop=\"uploadDate\" content=\"2022-03-04T08:53:18+00:00\">\n\t\t\t\t<video id=\"video_kgvid_0\" playsinline loop autoplay controls muted preload=\"metadata\" poster=\"https:\/\/italents.tv\/ita\/wp-content\/uploads\/2022\/03\/COMUNI_ITALIANI66-1_thumb1.jpg\" width=\"640\" height=\"360\" class=\"fitvidsignore video-js kg-video-js-skin\">\n\t\t\t\t\t<source src=\"https:\/\/italents.tv\/ita\/wp-content\/uploads\/2022\/03\/COMUNI_ITALIANI66-1.mp4?id=0\" type=\"video\/mp4\" data-res=\"360p\">\n\t\t\t\t<\/video>\n\t\t\t<\/div>\n\t\t<\/div>[\/vc_column_text][vc_empty_space height=&#8221;20px&#8221;][vc_column_text]\n<p><strong>L\u2019 obiettivo \u00e8 quello di fornire<\/strong> alle pubbliche amministrazioni locali uno nuovo strumento di comunicazione istituzionale e per la <strong>PROMOZIONE DEL TERRITORIO.\u00a0 <\/strong><strong>LA TV DEI COMUNI<\/strong> valorizza e amplia la comunicazione, la conoscenza delle risorse e delle possibilit\u00e0 offerte dal patrimonio culturale, ambientale e sociale.\u00a0<strong>Rafforza le potenzialit\u00e0 dello\u00a0sviluppo turistico<\/strong>, la sensibilit\u00e0 civica, e il senso di appartenenza dei propri cittadini. Favorisce inoltre la crescita e la coesione del tessuto sociale ed economico.[\/vc_column_text][\/vc_column][\/vc_row][vc_row][vc_column][vc_empty_space][\/vc_column][\/vc_row][vc_row css=&#8221;.vc_custom_1642606235595{background-color: #0066bf !important;border-radius: 30px !important;}&#8221;][vc_column][vc_empty_space][\/vc_column][\/vc_row][vc_row][vc_column][vc_empty_space][\/vc_column][\/vc_row][vc_row][vc_column width=&#8221;1\/2&#8243;][mnky_content_box static_shadow=&#8221;shadow&#8221; border=&#8221;#edeeef&#8221;][vc_column_text]\n<h1 style=\"text-align: center;\"><strong>Alcuni esempi pratici di come i Comuni possono utilizzare il proprio \u201cCanale Tv\u201d;<\/strong><\/h1>\n<p style=\"text-align: center;\"><strong>Ovviamente quelle sottoelencate sono solo alcune delle possibilit\u00e0 offerte dal canale tv. Il piano editoriale della Tv prevede molte pi\u00f9 possibilit\u00e0 e servizi<\/strong><\/p>\n[\/vc_column_text][vc_empty_space][vc_single_image image=&#8221;2266&#8243; img_size=&#8221;full&#8221;][vc_empty_space height=&#8221;20px&#8221;][vc_single_image image=&#8221;2269&#8243; img_size=&#8221;full&#8221;][\/mnky_content_box][\/vc_column][vc_column width=&#8221;1\/2&#8243; css=&#8221;.vc_custom_1475146424816{padding-right: 60px !important;}&#8221;][vc_column_text]\n<h1 style=\"text-align: center;\"><strong>SISTEMA MULTICANALE\u00a0 PERSONALIZZATO PER OGNI SINGOLO COMUNE\u00a0<\/strong><\/h1>\n[\/vc_column_text][vc_empty_space height=&#8221;40px&#8221;][vc_single_image image=&#8221;2272&#8243; img_size=&#8221;full&#8221; alignment=&#8221;center&#8221;][vc_empty_space height=&#8221;40px&#8221;][vc_column_text]Obiettivo principale della\u00a0<strong>TV dei Comuni\u00a0<\/strong>\u00a0\u00e8 quello di offrire, in piena aderenza con le normative del settore (quali la legge 241\/1990, il d.lgs. 150\/2009 e il d.lgs. 97\/2016)\u00a0 un innovativo strumento di \u201c<strong>total<\/strong><strong>\u00a0<\/strong><strong>disclosure<\/strong>\u201d ovvero di\u00a0<strong>totale trasparenza<\/strong>, che offra\u00a0 un supporto multimediale e multicanale alle azioni di comunicazione e accessibilit\u00e0 delle informazioni coniugabile al meglio con la finalit\u00e0 di\u00a0<em>\u201c<\/em><em>favorire forme diffuse di controllo del rispetto dei principi di buon andamento della macchina amministrativa pubblica da parte della cittadinanza<\/em>\u201d come la stessa normativa di settore impone.<\/p>\n<p><strong>Ulteriore obiettivo \u00e8 rappresentato<\/strong> da quanto\u00a0sancito dalle pi\u00f9 recenti normative del settore ICT per la pubblica amministrazione,\u00a0quali ad esempio la modifica del\u00a0d.lgs. 82\/2005\u00a0recata dal\u00a0d.lgs. 235\/2010 e le\u00a0nuove importanti\u00a0linee guida <strong>dell<\/strong><strong>\u2019<\/strong><strong>Agenzia per l<\/strong><strong>\u2019<\/strong><strong>Italia Digitale<\/strong>\u00a0\u00a0\u00a0con\u00a0le specifiche tecniche relative\u00a0al\u00a0<strong>C.A.D.<\/strong>\u00a0\u00a0e <strong>all<\/strong><strong>\u2019<\/strong><strong>Agenzia Digitale Italiana<\/strong>.\u00a0 Sono tutte norme recanti numerose indicazioni e adempimenti, a carattere vincolante per le istituzioni pubbliche, aventi lo\u00a0scopo di migliorare,\u00a0grazie all\u2019utilizzo delle nuove tecnologie digitali e della rete internet,\u00a0le azioni di\u00a0<strong>comunicazione istituzionale e trasparenza<\/strong>, le azioni di\u00a0<strong>eGovernment<\/strong>\u00a0ed <strong>eDemocracy<\/strong>\u00a0verso i cittadini e le azioni di marketing territoriale per lo sviluppo degli operatori turistici ed economici sul territorio amministrato.\u00a0\u00a0 Si tratta di azioni che un elemento innovativo come la proposta di \u201c<strong>canali TV\/web<\/strong>\u201d espressamente dedicati alla comunicazione e trasparenza per le Amministrazioni Pubbliche, resi aperti e accessibili a tutti possono certamente supportare nel modo migliore.[\/vc_column_text][vc_empty_space height=&#8221;40px&#8221;][mnky_button title=&#8221;GUARDA IL CANALE DEMO&#8221; bg_color=&#8221;#396dbb&#8221; color=&#8221;#ffffff&#8221; bg_hover_color=&#8221;flat-blue&#8221; center_element=&#8221;button-center-align&#8221; icon_type=&#8221;fontawesome&#8221; icon_fontawesome=&#8221;&#8221; link=&#8221;url:https%3A%2F%2Fitalents.tv%2Fcomuni%2F|target:_blank&#8221;][vc_empty_space height=&#8221;40px&#8221;][\/vc_column][\/vc_row][vc_row][vc_column][vc_empty_space height=&#8221;2px&#8221;][\/vc_column][\/vc_row][vc_row css=&#8221;.vc_custom_1642606235595{background-color: #0066bf !important;border-radius: 30px !important;}&#8221;][vc_column][vc_empty_space][\/vc_column][\/vc_row][vc_row][vc_column][vc_empty_space][\/vc_column][\/vc_row][vc_row][vc_column el_class=&#8221;col-md-push-6&#8243;][mnky_content_box static_shadow=&#8221;shadow&#8221; border=&#8221;#edeeef&#8221;][vc_column_text]\n<div class=\"h-global-transition-all h-heading style-1645 style-local-5306-c152 position-relative h-element\" data-colibri-id=\"5306-c152\">\n<div class=\"h-heading__outer style-1645 style-local-5306-c152\">\n<h1 style=\"text-align: center;\"><strong>Funzioni e servizi della Tv dei Comuni Italiani<\/strong><\/h1>\n<\/div>\n<\/div>\n<div class=\"h-lead h-text h-text-component style-1646 style-local-5306-c153 position-relative h-element\" data-colibri-id=\"5306-c153\">\n<div class=\"\">\n<h2 style=\"text-align: center;\"><strong>Ogni comune che aderir\u00e0 all\u2019iniziativa avr\u00e0 un canale Tv autonomo e completamente dedicato, personalizzato con i propri loghi, stendardi, grafiche e colori cittadini. Questi i servizi offerti:<\/strong><\/h2>\n<\/div>\n<\/div>\n[\/vc_column_text][vc_empty_space height=&#8221;40px&#8221;][vc_single_image image=&#8221;2275&#8243; img_size=&#8221;full&#8221; alignment=&#8221;center&#8221;][vc_empty_space height=&#8221;40px&#8221;][\/mnky_content_box][\/vc_column][\/vc_row][vc_row][vc_column][vc_empty_space][\/vc_column][\/vc_row][vc_row css=&#8221;.vc_custom_1642606235595{background-color: #0066bf !important;border-radius: 30px !important;}&#8221;][vc_column][vc_empty_space][\/vc_column][\/vc_row][vc_row][vc_column][vc_empty_space][\/vc_column][\/vc_row][vc_row][vc_column el_class=&#8221;col-md-push-6&#8243;][mnky_content_box static_shadow=&#8221;shadow&#8221; border=&#8221;#edeeef&#8221;][vc_column_text]\n<div class=\"h-global-transition-all h-heading style-1645 style-local-5306-c152 position-relative h-element\" data-colibri-id=\"5306-c152\">\n<div class=\"h-heading__outer style-1645 style-local-5306-c152\">\n<h1 style=\"text-align: center;\"><strong>Tutto il supporto di cui avete bisogno \u00e8 incluso !<\/strong><\/h1>\n<\/div>\n<\/div>\n<div class=\"h-lead h-text h-text-component style-1646 style-local-5306-c153 position-relative h-element\" data-colibri-id=\"5306-c153\">\n<div class=\"\">\n<h2 style=\"text-align: center;\"><\/h2>\n<\/div>\n<\/div>\n[\/vc_column_text][vc_empty_space height=&#8221;40px&#8221;][vc_single_image image=&#8221;2278&#8243; img_size=&#8221;full&#8221; alignment=&#8221;center&#8221;][vc_empty_space height=&#8221;40px&#8221;][\/mnky_content_box][vc_empty_space height=&#8221;40px&#8221;][vc_empty_space height=&#8221;20px&#8221;][\/vc_column][\/vc_row]\n","protected":false},"excerpt":{"rendered":"<p>[vc_row][vc_column][vc_empty_space height=&#8221;64px&#8221;][\/vc_column][\/vc_row][vc_row css=&#8221;.vc_custom_1642605655047{background-color: #1e73be !important;border-radius: 30px !important;}&#8221;][vc_column][vc_empty_space][\/vc_column][\/vc_row][vc_row][vc_column][vc_empty_space][\/vc_column][\/vc_row][vc_row][vc_column width=&#8221;1\/2&#8243; css=&#8221;.vc_custom_1475146424816{padding-right: 60px !important;}&#8221;][vc_column_text] Nasce La\u00a0Tv dei Comuni\u00a0\u00a0Italiani, un canale Tv dedicato per &hellip; <\/p>\n","protected":false},"author":1,"featured_media":0,"parent":1725,"menu_order":0,"comment_status":"closed","ping_status":"closed","template":"","meta":{"footnotes":""},"class_list":["post-2244","page","type-page","status-publish","hentry"],"_links":{"self":[{"href":"https:\/\/italents.tv\/ita\/wp-json\/wp\/v2\/pages\/2244","targetHints":{"allow":["GET"]}}],"collection":[{"href":"https:\/\/italents.tv\/ita\/wp-json\/wp\/v2\/pages"}],"about":[{"href":"https:\/\/italents.tv\/ita\/wp-json\/wp\/v2\/types\/page"}],"author":[{"embeddable":true,"href":"https:\/\/italents.tv\/ita\/wp-json\/wp\/v2\/users\/1"}],"replies":[{"embeddable":true,"href":"https:\/\/italents.tv\/ita\/wp-json\/wp\/v2\/comments?post=2244"}],"version-history":[{"count":20,"href":"https:\/\/italents.tv\/ita\/wp-json\/wp\/v2\/pages\/2244\/revisions"}],"predecessor-version":[{"id":2279,"href":"https:\/\/italents.tv\/ita\/wp-json\/wp\/v2\/pages\/2244\/revisions\/2279"}],"up":[{"embeddable":true,"href":"https:\/\/italents.tv\/ita\/wp-json\/wp\/v2\/pages\/1725"}],"wp:attachment":[{"href":"https:\/\/italents.tv\/ita\/wp-json\/wp\/v2\/media?parent=2244"}],"curies":[{"name":"wp","href":"https:\/\/api.w.org\/{rel}","templated":true}]}}