{"id":2476,"date":"2022-03-12T10:30:41","date_gmt":"2022-03-12T10:30:41","guid":{"rendered":"https:\/\/italents.tv\/ita\/?page_id=2476"},"modified":"2022-03-14T18:21:47","modified_gmt":"2022-03-14T18:21:47","slug":"listino-broadcasting","status":"publish","type":"page","link":"https:\/\/italents.tv\/ita\/listino-broadcasting\/","title":{"rendered":"Listino Broadcasting"},"content":{"rendered":"[vc_row full_width=&#8221;stretch_row&#8221;][vc_column]\n\t\t\t<!-- START LISTINO REVOLUTION SLIDER 6.5.7 --><p class=\"rs-p-wp-fix\"><\/p>\n\t\t\t<rs-module-wrap id=\"rev_slider_18_1_wrapper\" data-source=\"gallery\" style=\"visibility:hidden;background:transparent;padding:0;margin:0px auto;margin-top:0;margin-bottom:0;background-image:url(https:\/\/italents.tv\/ita\/wp-content\/uploads\/2022\/01\/1888930_246735875516202_7983028886845117425_o.png);background-repeat:no-repeat;background-size:cover;background-position:center center;\">\n\t\t\t\t<rs-module id=\"rev_slider_18_1\" style=\"\" data-version=\"6.5.7\">\n\t\t\t\t\t<rs-slides>\n\t\t\t\t\t\t<rs-slide style=\"position: absolute;\" data-key=\"rs-39\" data-title=\"Slide\" data-in=\"o:0;\" data-out=\"a:false;\">\n\t\t\t\t\t\t\t<img decoding=\"async\" src=\"\/\/italents.tv\/ita\/wp-content\/plugins\/revslider\/public\/assets\/assets\/dummy.png\" alt=\"Slide\" title=\"Listino Broadcasting\" class=\"rev-slidebg tp-rs-img rs-lazyload\" data-lazyload=\"\/\/italents.tv\/ita\/wp-content\/plugins\/revslider\/public\/assets\/assets\/transparent.png\" data-no-retina>\n<!---->\t\t\t\t\t\t<\/rs-slide>\n\t\t\t\t\t<\/rs-slides>\n\t\t\t\t<\/rs-module>\n\t\t\t\t<script type=\"text\/javascript\">\n\t\t\t\t\tsetREVStartSize({c: 'rev_slider_18_1',rl:[1240,1024,778,480],el:[500],gw:[1240],gh:[500],type:'standard',justify:'',layout:'fullwidth',mh:\"0\"});if (window.RS_MODULES!==undefined && window.RS_MODULES.modules!==undefined && window.RS_MODULES.modules[\"revslider181\"]!==undefined) {window.RS_MODULES.modules[\"revslider181\"].once = false;window.revapi18 = undefined;if (window.RS_MODULES.checkMinimal!==undefined) window.RS_MODULES.checkMinimal()}\n\t\t\t\t<\/script>\n\t\t\t<\/rs-module-wrap>\n\t\t\t<!-- END REVOLUTION SLIDER -->\n[vc_empty_space height=&#8221;60px&#8221;][vc_column_text]\n<h2 style=\"text-align: center;\"><span style=\"font-size: 48px;\">Listino Prezzi BROADCASTING<\/span><\/h2>\n[\/vc_column_text][vc_empty_space height=&#8221;10px&#8221;][\/vc_column][\/vc_row][vc_row full_width=&#8221;stretch_row&#8221; css=&#8221;.vc_custom_1647016972654{background-color: #f6f7f8 !important;}&#8221;][vc_column width=&#8221;1\/4&#8243;][vc_empty_space height=&#8221;60px&#8221;][mnky_pricing_box title=&#8221;LIVELLO 01&#8243; before_price=&#8221;\u20ac&#8221; price=&#8221;65&#8243; after_price=&#8221;\/mese&#8221; meta=&#8221;Il pi\u00f9 richiesto&#8221; link_position=&#8221;cta&#8221; add_badge=&#8221;on&#8221; badge_color=&#8221;#ffffff&#8221; badge_text=&#8221;PER INIZIARE&#8221; hover_effect=&#8221;box-effect-1&#8243; border_color=&#8221;#1e73be&#8221; badge_bg=&#8221;#1e73be&#8221; cta=&#8221;CHIEDI COME AVERLO&#8221; link=&#8221;url:https%3A%2F%2Fitalents.tv%2Fita%2F%23free_trial&#8221;][vc_column_text]\n<ul>\n<li><strong>FREE Live stream<\/strong><\/li>\n<li><strong>FREE ON DEMAND<\/strong><\/li>\n<li><strong>User Manager<\/strong><\/li>\n<li><strong>Qualit\u00e0 fino a 4K<\/strong><\/li>\n<li><strong>Video repository<\/strong><\/li>\n<li><strong>Catalogo Video<\/strong><\/li>\n<li><strong>Digital marketing<\/strong><\/li>\n<li><strong>Logo personalizzato<\/strong><\/li>\n<\/ul>\n<p>.[\/vc_column_text][\/mnky_pricing_box][vc_empty_space height=&#8221;30px&#8221;][vc_single_image image=&#8221;1296&#8243; img_size=&#8221;full&#8221; alignment=&#8221;center&#8221; onclick=&#8221;custom_link&#8221; link=&#8221;https:\/\/italents.tv\/ita\/#free_trial&#8221;][vc_empty_space height=&#8221;30px&#8221;][\/vc_column][vc_column width=&#8221;1\/4&#8243;][vc_empty_space height=&#8221;60px&#8221;][mnky_pricing_box title=&#8221;LIVELLO 02&#8243; before_price=&#8221;\u20ac&#8221; price=&#8221;85&#8243; after_price=&#8221;\/MESE&#8221; meta=&#8221;Per contenuti e aree riservate&#8221; link_position=&#8221;cta&#8221; add_badge=&#8221;on&#8221; badge_color=&#8221;#ffffff&#8221; badge_text=&#8221;CHI VEDE COSA&#8221; hover_effect=&#8221;box-effect-1&#8243; border_color=&#8221;#1e73be&#8221; badge_bg=&#8221;#1e73be&#8221; cta=&#8221;CHIEDI COME AVERLO&#8221; link=&#8221;url:https%3A%2F%2Fitalents.tv%2Fita%2F%23free_trial&#8221;][vc_column_text]\n<ul>\n<li><strong>FREE Live stream<\/strong><\/li>\n<li><strong>FREE ON DEMAND<\/strong><\/li>\n<li><strong>User Manager<\/strong><\/li>\n<li><strong>Qualit\u00e0 fino a 4K<\/strong><\/li>\n<li><strong>Video repository<\/strong><\/li>\n<li><strong>Catalogo Video<\/strong><\/li>\n<li><strong>Digital marketing<\/strong><\/li>\n<li><strong>Logo personalizzato<\/strong><\/li>\n<li><span style=\"color: #ff0000;\"><strong>Aree Accesso riservate<\/strong><\/span><\/li>\n<li><span style=\"color: #ff0000;\"><strong>Chi Vede Cosa<\/strong><\/span><\/li>\n<\/ul>\n<p>.[\/vc_column_text][\/mnky_pricing_box][vc_empty_space height=&#8221;60px&#8221;][\/vc_column][vc_column width=&#8221;1\/4&#8243;][vc_empty_space height=&#8221;60px&#8221;][mnky_pricing_box title=&#8221;LIVELLO 03&#8243; before_price=&#8221;\u20ac&#8221; price=&#8221;105&#8243; after_price=&#8221;\/MESE&#8221; meta=&#8221;Per chi vende video&#8221; link_position=&#8221;cta&#8221; add_badge=&#8221;on&#8221; badge_color=&#8221;#ffffff&#8221; badge_text=&#8221;PAY LIVE&#8221; hover_effect=&#8221;box-effect-1&#8243; border_color=&#8221;#1e73be&#8221; badge_bg=&#8221;#1e73be&#8221; cta=&#8221;CHIEDI COME AVERLO&#8221; link=&#8221;url:https%3A%2F%2Fitalents.tv%2Fita%2F%23free_trial&#8221;][vc_column_text]\n<ul>\n<li><strong>5x FREE Live stream<\/strong><\/li>\n<li><strong>FREE ON DEMAND<\/strong><\/li>\n<li><strong>User Manager<\/strong><\/li>\n<li><strong>Qualit\u00e0 fino a 4K<\/strong><\/li>\n<li><strong>Video repository<\/strong><\/li>\n<li><strong>Catalogo Video<\/strong><\/li>\n<li><strong>Digital marketing<\/strong><\/li>\n<li><strong>Logo personalizzato<\/strong><\/li>\n<li><span style=\"color: #000000;\"><strong>Aree Accesso riservate<\/strong><\/span><\/li>\n<li><span style=\"color: #000000;\"><strong>Chi Vede Cosa<\/strong><\/span><\/li>\n<li><span style=\"color: #ff0000;\"><strong>Pay Live\u00a0<\/strong><\/span><\/li>\n<li><span style=\"color: #ff0000;\"><strong>Pay On Demand<\/strong><\/span><\/li>\n<\/ul>\n<p>.[\/vc_column_text][\/mnky_pricing_box][vc_empty_space height=&#8221;60px&#8221;][\/vc_column][vc_column width=&#8221;1\/4&#8243;][vc_empty_space height=&#8221;60px&#8221;][mnky_pricing_box title=&#8221;LIVELLO 04&#8243; before_price=&#8221;\u20ac&#8221; price=&#8221;134&#8243; after_price=&#8221;\/MESE&#8221; meta=&#8221;Per chi trasmette su pi\u00f9 canali&#8221; link_position=&#8221;cta&#8221; add_badge=&#8221;on&#8221; badge_color=&#8221;#ffffff&#8221; badge_text=&#8221;MULTI LIVE&#8221; hover_effect=&#8221;box-effect-1&#8243; border_color=&#8221;#1e73be&#8221; badge_bg=&#8221;#1e73be&#8221; cta=&#8221;CHIEDI COME AVERLO&#8221; link=&#8221;url:https%3A%2F%2Fitalents.tv%2Fita%2F%23free_trial&#8221;][vc_column_text]\n<ul>\n<li><strong>FREE Live stream<\/strong><\/li>\n<li><strong>FREE ON DEMAND<\/strong><\/li>\n<li><strong>User Manager<\/strong><\/li>\n<li><strong>Qualit\u00e0 fino a 4K<\/strong><\/li>\n<li><strong>Video repository<\/strong><\/li>\n<li><strong>Catalogo Video<\/strong><\/li>\n<li><strong>Digital marketing<\/strong><\/li>\n<li><strong>Logo personalizzato<\/strong><\/li>\n<li><span style=\"color: #000000;\"><strong>Aree Accesso riservate<\/strong><\/span><\/li>\n<li><span style=\"color: #000000;\"><strong>Chi Vede Cosa<\/strong><\/span><\/li>\n<li><span style=\"color: #000000;\"><strong>Pay Live\u00a0<\/strong><\/span><\/li>\n<li><span style=\"color: #000000;\"><strong>Pay On Demand<\/strong><\/span><\/li>\n<li><span style=\"color: #ff0000;\"><strong>3 CANALI LIVE FREE<\/strong><\/span><\/li>\n<li><span style=\"color: #ff0000;\"><strong>3 CANALI LIVE PAY<\/strong><\/span><\/li>\n<\/ul>\n<p>.[\/vc_column_text][\/mnky_pricing_box][vc_empty_space height=&#8221;60px&#8221;][\/vc_column][\/vc_row][vc_row full_width=&#8221;stretch_row&#8221; css=&#8221;.vc_custom_1647018713258{background-color: #1e73be !important;}&#8221;][vc_column][vc_empty_space height=&#8221;80px&#8221;][vc_column_text]\n<p style=\"text-align: center;\"><span style=\"color: #ffffff;\"><span style=\"font-size: 30px;\">GUIDA AL LISTINO BROADCASTING\u00a0<\/span><\/span><\/p>\n[\/vc_column_text][vc_empty_space height=&#8221;80px&#8221;][\/vc_column][\/vc_row][vc_row css=&#8221;.vc_custom_1475661251691{padding-top: 60px !important;padding-bottom: 20px !important;}&#8221;][vc_column width=&#8221;1\/2&#8243; css=&#8221;.vc_custom_1474889057192{padding-right: 60px !important;padding-left: 60px !important;}&#8221;][mnky_service icon_fontawesome=&#8221;fas fa-video&#8221; title=&#8221;Come sottoscrivo il servizio ?&#8221; icon_color=&#8221;#1e73be&#8221;]Per sottoscrive un servizio di broadcasting basta fare click sul bottone &#8220;CHIEDI COME AVERLO&#8221;. Un nostro incaricato si metter\u00e0 direttamente in contatto con Lei e le fornir\u00e0 tutta l&#8217;assistenza tecnica e commerciale per avviare la sua stazione di streaming. Le verr\u00e0 fornita tutta la consulenza necessaria a titolo gratuito.[\/mnky_service][vc_empty_space height=&#8221;40px&#8221;][mnky_service icon_fontawesome=&#8221;fas fa-arrow-right&#8221; title=&#8221;Posso cambiare il livello del servizio ?&#8221; icon_color=&#8221;#1e73be&#8221;]Certamente. E&#8217; sempre possibile passare ad un livello di servizio superiore pagando la differenza economica prevista. Come si sa, le necessit\u00e0 possono sempre cambiare ed \u00e8 necessario che il servizio sia scalabile per consentire di esaudire le nuove esigenze.[\/mnky_service][vc_empty_space height=&#8221;40px&#8221;][mnky_service icon_fontawesome=&#8221;fas fa-digital-tachograph&#8221; title=&#8221;Cosa intendete per digital marketing ?&#8221; icon_color=&#8221;#1e73be&#8221;]Italents.tv offre integrato nelle proprie soluzioni standard o personalizzate un motore di digital marketing che garantisce 20.000 accessi unici al mese sulla tua stazione di business community. Oltre alla possibilit\u00e0 di pubblicare la presenza di eventi o prodotti multimediale sulla pagina Italents.tv di facebook che vanta 100.000 iscritti.[\/mnky_service][vc_empty_space height=&#8221;40px&#8221;][\/vc_column][vc_column width=&#8221;1\/2&#8243; css=&#8221;.vc_custom_1474889061423{padding-right: 60px !important;padding-left: 60px !important;}&#8221;][mnky_service icon_fontawesome=&#8221;fas fa-rss&#8221; title=&#8221;Ci sono dei limiti di utilizzo ?&#8221; icon_color=&#8221;#1e73be&#8221;]Assolutamente no. Il servizio \u00e8 concepito per soddisfare esigenze professionali e quindi non prevede nessun limite di utilizzo di banda, di tempo di trasmissione, di numero di spettatori. Anche lo spazio di archiviazione del vostri video \u00e8 illimitato.[\/mnky_service][vc_empty_space height=&#8221;40px&#8221;][mnky_service icon_fontawesome=&#8221;fas fa-user-tie&#8221; title=&#8221;Devo essere un esperto ?&#8221; icon_color=&#8221;#1e73be&#8221;]No. E&#8217; sufficiente che tu sia un semplice utente di PC. Tutta la tua attivit\u00e0 si limita alla catalogazione dei tuoi video e alla realizzazione dei tuoi stream live. Per il resto pensiamo tutto noi. Il supporto \u00e8 garantito sia per la necessaria formazione, sia per la risoluzione di qualsiasi problema.[\/mnky_service][vc_empty_space height=&#8221;40px&#8221;][mnky_service icon_fontawesome=&#8221;fab fa-free-code-camp&#8221; title=&#8221;Che cos&#8217;\u00e8 il FREE TRIAL ?&#8221; icon_color=&#8221;#1e73be&#8221;]E&#8217; un servizio di pre vendita che ti consente di attivare una stazione di broadcasting senza spendere nulla e provarla per 30 giorni. Tutto questo senza nessun impegno da parte tua. Alla fine del periodo di prova potrai attivare il servizio o chiedere la chiusura della tua stazione di live straming..[\/mnky_service][vc_empty_space height=&#8221;40px&#8221;][\/vc_column][\/vc_row]\n","protected":false},"excerpt":{"rendered":"<p>[vc_row full_width=&#8221;stretch_row&#8221;][vc_column][vc_empty_space height=&#8221;60px&#8221;][vc_column_text] Listino Prezzi BROADCASTING [\/vc_column_text][vc_empty_space height=&#8221;10px&#8221;][\/vc_column][\/vc_row][vc_row full_width=&#8221;stretch_row&#8221; css=&#8221;.vc_custom_1647016972654{background-color: #f6f7f8 !important;}&#8221;][vc_column width=&#8221;1\/4&#8243;][vc_empty_space height=&#8221;60px&#8221;][mnky_pricing_box title=&#8221;LIVELLO 01&#8243; before_price=&#8221;\u20ac&#8221; price=&#8221;65&#8243; after_price=&#8221;\/mese&#8221; meta=&#8221;Il &hellip; <\/p>\n","protected":false},"author":1,"featured_media":0,"parent":0,"menu_order":0,"comment_status":"closed","ping_status":"closed","template":"page-no-paddings.php","meta":{"footnotes":""},"class_list":["post-2476","page","type-page","status-publish","hentry"],"_links":{"self":[{"href":"https:\/\/italents.tv\/ita\/wp-json\/wp\/v2\/pages\/2476","targetHints":{"allow":["GET"]}}],"collection":[{"href":"https:\/\/italents.tv\/ita\/wp-json\/wp\/v2\/pages"}],"about":[{"href":"https:\/\/italents.tv\/ita\/wp-json\/wp\/v2\/types\/page"}],"author":[{"embeddable":true,"href":"https:\/\/italents.tv\/ita\/wp-json\/wp\/v2\/users\/1"}],"replies":[{"embeddable":true,"href":"https:\/\/italents.tv\/ita\/wp-json\/wp\/v2\/comments?post=2476"}],"version-history":[{"count":3,"href":"https:\/\/italents.tv\/ita\/wp-json\/wp\/v2\/pages\/2476\/revisions"}],"predecessor-version":[{"id":2537,"href":"https:\/\/italents.tv\/ita\/wp-json\/wp\/v2\/pages\/2476\/revisions\/2537"}],"wp:attachment":[{"href":"https:\/\/italents.tv\/ita\/wp-json\/wp\/v2\/media?parent=2476"}],"curies":[{"name":"wp","href":"https:\/\/api.w.org\/{rel}","templated":true}]}}