{"id":536,"date":"2016-09-19T12:25:48","date_gmt":"2016-09-19T12:25:48","guid":{"rendered":"http:\/\/mnkythemes.com\/fintechwp\/davos\/?page_id=536"},"modified":"2022-03-10T13:53:59","modified_gmt":"2022-03-10T13:53:59","slug":"user-agreement","status":"publish","type":"page","link":"https:\/\/italents.tv\/ita\/legal-center\/user-agreement\/","title":{"rendered":"User Agreement"},"content":{"rendered":"[vc_row][vc_column]\n\t\t\t<!-- START Davos Home 1 1 REVOLUTION SLIDER 6.5.7 --><p class=\"rs-p-wp-fix\"><\/p>\n\t\t\t<rs-module-wrap id=\"rev_slider_5_1_wrapper\" data-source=\"gallery\" style=\"visibility:hidden;background:rgba(142,142,147,0);padding:0;margin:0px auto;margin-top:0;margin-bottom:0;background-image:url(https:\/\/italents.tv\/ita\/wp-content\/uploads\/2022\/01\/91UtOxdNmzL._AC_SL1500_-4.jpg);background-repeat:no-repeat;background-size:cover;background-position:center center;max-width:;\">\n\t\t\t\t<rs-module id=\"rev_slider_5_1\" style=\"\" data-version=\"6.5.7\">\n\t\t\t\t\t<rs-slides>\n\t\t\t\t\t\t<rs-slide style=\"position: absolute;\" data-key=\"rs-13\" data-title=\"Slide\" data-in=\"o:0;\" data-out=\"a:false;\">\n\t\t\t\t\t\t\t<img loading=\"lazy\" decoding=\"async\" src=\"\/\/italents.tv\/ita\/wp-content\/plugins\/revslider\/public\/assets\/assets\/dummy.png\" title=\"vuoto.png\" width=\"510\" height=\"289\" class=\"rev-slidebg tp-rs-img rs-lazyload\" data-lazyload=\"\/\/italents.tv\/ita\/wp-content\/uploads\/revslider\/davos_home\/vuoto.png\" data-bg=\"p:right center;f:contain;\" data-parallax=\"off\" data-no-retina>\n<!--\n\t\t\t\t\t\t\t--><rs-layer\n\t\t\t\t\t\t\t\tid=\"slider-5-slide-13-layer-0\" \n\t\t\t\t\t\t\t\tdata-type=\"text\"\n\t\t\t\t\t\t\t\tdata-color=\"#fff\"\n\t\t\t\t\t\t\t\tdata-rsp_ch=\"on\"\n\t\t\t\t\t\t\t\tdata-xy=\"xo:520px,460px,288px,177px;yo:624px,552px,346px,213px;\"\n\t\t\t\t\t\t\t\tdata-text=\"w:normal;s:18,15,9,5;l:22,19,11,6;fw:900;\"\n\t\t\t\t\t\t\t\tdata-dim=\"minh:0,none,none,none;\"\n\t\t\t\t\t\t\t\tdata-frame_999=\"o:0;st:w;\"\n\t\t\t\t\t\t\t\tstyle=\"z-index:12;font-family:'Roboto';text-transform:uppercase;\"\n\t\t\t\t\t\t\t>PIATTAFORMA DI BUSINESS COMMUNICATION \n\t\t\t\t\t\t\t<\/rs-layer><!--\n\n\t\t\t\t\t\t\t--><rs-layer\n\t\t\t\t\t\t\t\tid=\"slider-5-slide-13-layer-7\" \n\t\t\t\t\t\t\t\tclass=\"rs-layer-video intrinsic-ignore\"\n\t\t\t\t\t\t\t\tdata-type=\"video\"\n\t\t\t\t\t\t\t\tdata-rsp_ch=\"on\"\n\t\t\t\t\t\t\t\tdata-xy=\"xo:243px,215px,134px,82px;yo:104px,92px,57px,35px;\"\n\t\t\t\t\t\t\t\tdata-text=\"w:normal;s:20,17,10,6;l:0,22,13,8;\"\n\t\t\t\t\t\t\t\tdata-dim=\"w:916px,811px,508px,313px;h:516px,457px,286px,176px;\"\n\t\t\t\t\t\t\t\tdata-video=\"vfc:true;vd:100;l:true;ptimer:false;nse:f;vc:t;\"\n\t\t\t\t\t\t\t\tdata-poster=\"\/\/italents.tv\/ita\/wp-content\/uploads\/revslider\/video-media\/finit002_13_layer.jpeg\"\n\t\t\t\t\t\t\t\tdata-mp4=\"\/\/italents.tv\/ita\/wp-content\/uploads\/2022\/01\/finit002.mp4\"\n\t\t\t\t\t\t\t\tdata-frame_999=\"o:0;st:w;\"\n\t\t\t\t\t\t\t\tstyle=\"z-index:13;\"\n\t\t\t\t\t\t\t>\n\t\t\t\t\t\t\t<\/rs-layer><!--\n-->\t\t\t\t\t\t<\/rs-slide>\n\t\t\t\t\t<\/rs-slides>\n\t\t\t\t<\/rs-module>\n\t\t\t\t<script type=\"text\/javascript\">\n\t\t\t\t\tsetREVStartSize({c: 'rev_slider_5_1',rl:[1240,1024,778,480],el:[950,500,400,400],gw:[1400,1240,778,480],gh:[950,500,400,400],type:'hero',justify:'',layout:'fullwidth',mh:\"0\"});if (window.RS_MODULES!==undefined && window.RS_MODULES.modules!==undefined && window.RS_MODULES.modules[\"revslider51\"]!==undefined) {window.RS_MODULES.modules[\"revslider51\"].once = false;window.revapi5 = undefined;if (window.RS_MODULES.checkMinimal!==undefined) window.RS_MODULES.checkMinimal()}\n\t\t\t\t<\/script>\n\t\t\t<\/rs-module-wrap>\n\t\t\t<!-- END REVOLUTION SLIDER -->\n[\/vc_column][\/vc_row][vc_row][vc_column][vc_empty_space][vc_column_text]\n<h1 style=\"text-align: center;\"><strong>AGREEMENT <\/strong><br \/>\n<strong>NORME SULL\u2019USO DEI SITI DELLA PHOENIX HOLDING<\/strong><\/h1>\n[\/vc_column_text][vc_empty_space][\/vc_column][\/vc_row][vc_row][vc_column width=&#8221;1\/2&#8243;][vc_column_text]<strong>ACCORDO TRA VOI E PHOENIX HOLDING<\/strong><\/p>\n<p>Si prega di leggere attentamente questi termini e condizioni prima di iniziare a utilizzare il sito web. Accedendo e utilizzando questo sito Web, dichiari di accettare (incondizionatamente e irrevocabilmente) questi termini e condizioni (il \u201cContratto\u201d). Se non accetti questi termini e condizioni, ti preghiamo di non utilizzare il nostro sito Web e di uscire immediatamente.<\/p>\n<p>Il Sito \u00e8 di propriet\u00e0 e gestito da PHOENIX HOLDING, con sede in ITALIA, Via Massa Avenza 22 \u2013 54100 Massa.<\/p>\n<p>Dichiari e garantisci di possedere il diritto legale e la capacit\u00e0 di stipulare il presente Accordo e di utilizzare questo sito Web in conformit\u00e0 con tutti i termini e le condizioni qui contenuti.<\/p>\n<p>Assicurati inoltre di aver letto e accettato la nostra Informativa sulla privacy.<\/p>\n<p><strong>MODIFICA DEI TERMINI<\/strong><\/p>\n<p>Possiamo modificare questi termini e condizioni in qualsiasi momento senza preavviso. I termini modificati entreranno in vigore una volta pubblicati sul sito Web e non avranno alcun effetto retroattivo sugli accordi contrattuali esistenti stipulati tramite questo sito Web. L\u2019uso continuato di questo sito Web dopo qualsiasi modifica significa che hai accettato i termini e le condizioni modificati.<\/p>\n<p><strong>ESCLUSIONE DI GARANZIE E LIMITAZIONE DI RESPONSABILIT\u00c0<\/strong><\/p>\n<p><strong>GENERALE<\/strong><\/p>\n<p>L\u2019accesso e l\u2019utilizzo di software e altri materiali su o tramite questo sito Web \u00e8 esclusivamente a proprio rischio. Non garantiamo in alcun modo l\u2019affidabilit\u00e0, la stabilit\u00e0 o la natura priva di virus di tale software.<\/p>\n<p>Abbiamo adottato misure ragionevoli per garantire che le informazioni fornite da noi su questo sito Web siano accurate nel momento in cui le visualizzi. Tuttavia, non possiamo e non abbiamo verificato l\u2019accuratezza di tutte le informazioni fornite da fonti esterne, ad esempio, dai fornitori di altre informazioni o da altre parti collegate ao dal sito web.<\/p>\n<p>I commenti e altri materiali pubblicati sul nostro sito Web non intendono costituire un consiglio su cui fare affidamento. Decliniamo quindi ogni responsabilit\u00e0 derivante da qualsiasi affidamento posto su tali materiali da qualsiasi visitatore del nostro sito Web o da chiunque possa essere informato o agire su uno qualsiasi dei suoi contenuti.<\/p>\n<p>Miriamo a garantire che la disponibilit\u00e0 del sito Web sia ininterrotta e che le trasmissioni siano prive di errori. Tuttavia, a causa della natura di Internet, ci\u00f2 non pu\u00f2 essere garantito e ci riserviamo il diritto di ritirare o modificare il servizio che forniamo sul sito Web senza preavviso. Inoltre, l\u2019accesso al sito Web pu\u00f2 essere occasionalmente sospeso o limitato per consentire riparazioni, manutenzione o l\u2019introduzione di nuove strutture o servizi. Cercheremo di limitare la frequenza e la durata di tale sospensione o restrizione. Non saremo responsabili se per qualsiasi motivo il nostro sito Web non fosse disponibile in qualsiasi momento o periodo.[\/vc_column_text][\/vc_column][vc_column width=&#8221;1\/2&#8243;][vc_column_text]<strong>ESCLUSIONE DI GARANZIA<\/strong><\/p>\n<p><strong>NELLA MISURA MASSIMA CONSENTITA DALLA LEGGE VIGENTE, DECLINIAMO QUALSIASI GARANZIA RELATIVA ALLE INFORMAZIONI, AL SOFTWARE, AI PRODOTTI E AI SERVIZI CONTENUTI IN QUESTO SITO WEB. TUTTE QUESTE INFORMAZIONI VENGONO FORNITE \u201cCOS\u00cc COME SONO\u201d SENZA ALCUN TIPO DI GARANZIA. CON LA PRESENTE NON RICONOSCIAMO TUTTE LE GARANZIE E LE CONDIZIONI RIGUARDO A QUESTE INFORMAZIONI, SOFTWARE, PRODOTTI E SERVIZI CONTENUTI IN QUESTO SITO WEB INCLUSE TUTTE LE GARANZIE E CONDIZIONI IMPLICITE DI COMMERCIABILIT\u00c0, IDONEIT\u00c0 PER UNO SCOPO PARTICOLARE, TITOLO E NON VIOLAZIONE.<\/strong><\/p>\n<p><strong><br \/>\nLimitazione di responsabilit\u00e0<\/strong><\/p>\n<p>IN NESSUN CASO SAREMO RESPONSABILI PER ALCUN DANNO DIRETTO, SPECIALE, INDIRETTO, ACCIDENTALE, CONSEQUENZIALE (COMPRESO TRA ALTRE PERDITE DI ENTRATE O PROFITTI), PUNITIVI O ESEMPLARI, DANNI DI QUALSIASI TIPO O SOGGETTI A RIMEDI EQUI O INGIUNTIVI (SIA VIOLAZIONE DEL CONTRATTO, ILLECITO, NEGLIGENZA, RESPONSABILIT\u00c0 STRETTA O ALTRO) DERIVANTI DA: ACCESSO O UTILIZZO DI QUESTO SITO WEB, O RITARDO O INCAPACIT\u00c0 DI UTILIZZARE QUESTO SITO WEB, O QUALSIASI INFORMAZIONE CONTENUTA IN QUESTO SITO WEB. NULLA DI QUESTA LIMITAZIONE DI RESPONSABILIT\u00c0 ESCLUDER\u00c0 LE RESPONSABILIT\u00c0 NON CONSENTITE ESCLUSE DALLA LEGGE APPLICABILE. TUTTI I DIRITTI NON ESPRESSAMENTE CONCESSI NEL PRESENTE DOCUMENTO SONO RISERVATI DA NOI.<\/p>\n<p><strong>Indennit\u00e0<\/strong><\/p>\n<p>Come condizione per l\u2019utilizzo di questo sito Web, l\u2019utente accetta di indennizzarci da e contro qualsiasi responsabilit\u00e0, spesa (comprese le parcelle degli avvocati) e danni derivanti da reclami derivanti dall\u2019utilizzo di questo sito Web, inclusi, a titolo esemplificativo, eventuali reclami relativi a fatti che se vero costituirebbe una violazione da parte tua di questi termini e condizioni.<\/p>\n<p>Collegamenti a siti web di terze parti<\/p>\n<p>Questo sito Web pu\u00f2 contenere collegamenti e puntatori a siti Internet gestiti da terze parti. Non operiamo o controlliamo in alcun modo informazioni, prodotti o servizi su tali siti di terze parti. Collegamenti e puntatori di terze parti sono inclusi esclusivamente per comodit\u00e0 dell\u2019utente e non costituiscono alcuna approvazione da parte nostra. Ti assumi la responsabilit\u00e0 esclusiva per l\u2019uso di link e puntatori di terze parti.<\/p>\n<p><strong>Limitazioni d\u2019uso<\/strong><\/p>\n<p>Accetti di utilizzare questo sito Web esclusivamente per determinare la disponibilit\u00e0 di beni e servizi e per effettuare prenotazioni legittime o effettuare transazioni commerciali con noi.[\/vc_column_text][\/vc_column][\/vc_row]\n","protected":false},"excerpt":{"rendered":"<p>[vc_row][vc_column][\/vc_column][\/vc_row][vc_row][vc_column][vc_empty_space][vc_column_text] AGREEMENT NORME SULL\u2019USO DEI SITI DELLA PHOENIX HOLDING [\/vc_column_text][vc_empty_space][\/vc_column][\/vc_row][vc_row][vc_column width=&#8221;1\/2&#8243;][vc_column_text]ACCORDO TRA VOI E PHOENIX HOLDING Si prega di leggere &hellip; <\/p>\n","protected":false},"author":1,"featured_media":0,"parent":552,"menu_order":0,"comment_status":"closed","ping_status":"closed","template":"","meta":{"footnotes":""},"class_list":["post-536","page","type-page","status-publish","hentry"],"_links":{"self":[{"href":"https:\/\/italents.tv\/ita\/wp-json\/wp\/v2\/pages\/536","targetHints":{"allow":["GET"]}}],"collection":[{"href":"https:\/\/italents.tv\/ita\/wp-json\/wp\/v2\/pages"}],"about":[{"href":"https:\/\/italents.tv\/ita\/wp-json\/wp\/v2\/types\/page"}],"author":[{"embeddable":true,"href":"https:\/\/italents.tv\/ita\/wp-json\/wp\/v2\/users\/1"}],"replies":[{"embeddable":true,"href":"https:\/\/italents.tv\/ita\/wp-json\/wp\/v2\/comments?post=536"}],"version-history":[{"count":6,"href":"https:\/\/italents.tv\/ita\/wp-json\/wp\/v2\/pages\/536\/revisions"}],"predecessor-version":[{"id":2369,"href":"https:\/\/italents.tv\/ita\/wp-json\/wp\/v2\/pages\/536\/revisions\/2369"}],"up":[{"embeddable":true,"href":"https:\/\/italents.tv\/ita\/wp-json\/wp\/v2\/pages\/552"}],"wp:attachment":[{"href":"https:\/\/italents.tv\/ita\/wp-json\/wp\/v2\/media?parent=536"}],"curies":[{"name":"wp","href":"https:\/\/api.w.org\/{rel}","templated":true}]}}